{"id":10718,"date":"2026-03-10T16:43:18","date_gmt":"2026-03-10T19:43:18","guid":{"rendered":"https:\/\/premiumbalancas.com\/?page_id=10718"},"modified":"2026-03-21T23:47:43","modified_gmt":"2026-03-22T02:47:43","slug":"about-us","status":"publish","type":"page","link":"https:\/\/premiumbalancas.com\/","title":{"rendered":"About Us"},"content":{"rendered":"\t\t<div data-elementor-type=\"wp-page\" data-elementor-id=\"10718\" class=\"elementor elementor-10718\">\n\t\t\t\t\t\t<section class=\"elementor-section elementor-top-section elementor-element elementor-element-20f5265c elementor-section-boxed elementor-section-height-default elementor-section-height-default wpr-particle-no wpr-jarallax-no wpr-parallax-no wpr-sticky-section-no\" data-id=\"20f5265c\" data-element_type=\"section\">\n\t\t\t\t\t\t<div class=\"elementor-container elementor-column-gap-default\">\n\t\t\t\t\t<div class=\"elementor-column elementor-col-100 elementor-top-column elementor-element elementor-element-474c9fe5\" data-id=\"474c9fe5\" data-element_type=\"column\">\n\t\t\t<div class=\"elementor-widget-wrap\">\n\t\t\t\t\t\t\t<\/div>\n\t\t<\/div>\n\t\t\t\t\t<\/div>\n\t\t<\/section>\n\t\t\t\t<section class=\"elementor-section elementor-top-section elementor-element elementor-element-206dab2 elementor-section-boxed elementor-section-height-default elementor-section-height-default wpr-particle-no wpr-jarallax-no wpr-parallax-no wpr-sticky-section-no\" data-id=\"206dab2\" data-element_type=\"section\">\n\t\t\t\t\t\t<div class=\"elementor-container elementor-column-gap-default\">\n\t\t\t\t\t<div class=\"elementor-column elementor-col-100 elementor-top-column elementor-element elementor-element-bfac5ab\" data-id=\"bfac5ab\" data-element_type=\"column\">\n\t\t\t<div class=\"elementor-widget-wrap elementor-element-populated\">\n\t\t\t\t\t\t<div class=\"elementor-element elementor-element-289ac01 elementor-widget elementor-widget-html\" data-id=\"289ac01\" data-element_type=\"widget\" data-widget_type=\"html.default\">\n\t\t\t\t<div class=\"elementor-widget-container\">\n\t\t\t\t\t<div style=\"display:none;\">\r\n    <a href=\"https:\/\/melbet-moldova.org\/\">Melbet \u0441\u043a\u0430\u0447\u0430\u0442\u044c<\/a>\r\n<\/div>\t\t\t\t<\/div>\n\t\t\t\t<\/div>\n\t\t\t\t<div class=\"elementor-element elementor-element-bb7c88f elementor-widget elementor-widget-html\" data-id=\"bb7c88f\" data-element_type=\"widget\" data-widget_type=\"html.default\">\n\t\t\t\t<div class=\"elementor-widget-container\">\n\t\t\t\t\t<div style=\"position:absolute; left: 43564312348px\">\n<h2>Vyznam licence a regulace<\/h2>\n\n<p>Pri hledani <a href=\"https:\/\/www.casinopointcz.com\/weiss\/\">casino weiss<\/a> czk je vzdy nutne proverit, zda konkretni web opravdu prijima ceskou korunu a zda je uvedena na verejnem seznamu licencovanych operatoru na strankach MF CR. Mezinarodni povoleni z Curacaa, Maltsky regulator ci Gibraltarsky urad pro Cechy casto nejsou prijatelne, protoze ceske predpisy jsou mnohem tvrdsi a klade velky duraz na bezpecnost ceskych hracu. <\/p>\n<p>V soucasne dobe pusobi v CR zhruba 20 az 27 zcela licencovanych online platforem. To je dostatecne siroky vyber, ale ale zaroven to prinasi, ze je nutne venovat cas srovnavani nabidek. <\/p>\n\n<p>Paysafecard patri k nejcasteji pouzivanym metodam prave proto, ze dovoluje anonymni platby, bez sdelovani informaci o platebni karte ci uctu. Stejnou anonymitu zajistuji i nektere e-penezenky. Soubor techto opatreni vytvari silny bezpecnostni system, ktery efektivne chrani pred klasickymi online riziky. <\/p>\n\n<p>Vsechny kasina s ceskou licenci musi mit bonusove podminky uvedene jasne a srozumitelne. Nejlepsi nabidky jsou ty v ceskych korunach, protoze uzivatel se vyhne konverznim poplatkum. Uvitaci bonusy. <\/p>\n\n<p>Licencovane platformy musi podle zakona vyplacet rychle a bez problemu. Prave rychlost vyplat je jednim z nejdulezitejsich znaku duveryhodnosti. <\/p>\n\n<p>Dnes je mobilni pristup povinnosti. Nejlepsi kasina nabizeji plne responzivni webove stranky, ktere se idealne prizpusobi mobilnim zarizenim, nebo poskytuji mobilni aplikace pro oba systemy. <\/p>\n\n<p>Kasina s licenci v CR venuji velkou pozornost zodpovednemu hrani. Nabizeji moznosti nastaveni limitu vkladu ztrat sazek casu hrani. Docasne pozastaveni nebo kompletni sebevylouceni je standardni funkci. <\/p>\n<\/div>\n\n\t\t\t\t<\/div>\n\t\t\t\t<\/div>\n\t\t\t\t\t<\/div>\n\t\t<\/div>\n\t\t\t\t\t<\/div>\n\t\t<\/section>\n\t\t\t\t<\/div>\n\t\t","protected":false},"excerpt":{"rendered":"<p>&lt;div style=&#8221;position: absolute; transform: scale(0);&#8221;&gt;&lt;p&gt;Wer Live-Angebote pr\u00fcfen will, erwartet auf &lt;a href=&#8221;https:\/\/spinlanderdeutschland.de\/live-spiele&#8221;&gt;https:\/\/spinlanderdeutschland.de\/live-spiele&lt;\/a&gt; eine gut sortierte \u00dcbersicht. Wichtig sind stabile Darstellung, klare Tischlimits und eine Navigation, die Live-Bereiche ohne lange Klickwege erreichbar macht.&lt;\/p&gt;&lt;\/div&gt; &lt;div style=&#8221;position: absolute; transform: scale(0);&#8221;&gt;&lt;p&gt;Bei &lt;a href=&#8221;https:\/\/casinoverdeonline.de\/&#8221;&gt;https:\/\/casinoverdeonline.de\/&lt;\/a&gt; steht ein Casino-Erlebnis im Vordergrund, das Spielauswahl, Datenschutz und zuverl\u00e4ssige Technik miteinander verbindet. Die Plattform bietet eine klare Benutzerf\u00fchrung, damit Spieler schnell zu ihren bevorzugten Spielkategorien gelangen und Konto, Einzahlungen oder Bonusaktivierungen ohne Umwege verwalten k\u00f6nnen. So entsteht ein Online-Casino, das sowohl f\u00fcr Einsteiger als auch f\u00fcr regelm\u00e4\u00dfige Nutzer bequem nutzbar bleibt.&lt;\/p&gt;&lt;\/div&gt; &lt;div style=&#8221;overflow:hidden;height:1px;&#8221;&gt;&lt;a href=&#8221;https:\/\/topsailevents.co.uk\/&#8221;&gt;no kyc bitcoin casino&lt;\/a&gt;&lt;\/div&gt;&lt;a href=&#8221;https:\/\/melbet-moldova.org\/&#8221;&gt;Melbet \u0441\u043a\u0430\u0447\u0430\u0442\u044c&lt;\/a&gt; &lt;h2&gt;Vyznam licence a regulace&lt;\/h2&gt; &lt;p&gt;Pri hledani &lt;a href=&#8221;https:\/\/www.casinopointcz.com\/weiss\/&#8221;&gt;casino weiss&lt;\/a&gt; czk je vzdy nutne proverit, zda konkretni web opravdu prijima ceskou korunu a zda je uvedena na verejnem seznamu licencovanych operatoru na strankach MF CR. Mezinarodni povoleni z Curacaa, Maltsky regulator ci Gibraltarsky urad pro Cechy casto nejsou prijatelne, protoze ceske predpisy jsou mnohem tvrdsi a klade velky duraz na bezpecnost ceskych hracu. &lt;\/p&gt; &lt;p&gt;V soucasne dobe pusobi v CR zhruba 20 az 27 zcela licencovanych online platforem. To je dostatecne siroky vyber, ale ale zaroven to prinasi, ze je nutne venovat cas srovnavani nabidek. &lt;\/p&gt; &lt;p&gt;Paysafecard patri k nejcasteji pouzivanym metodam prave proto, ze dovoluje anonymni platby, bez sdelovani informaci o platebni karte ci uctu. Stejnou anonymitu zajistuji i nektere e-penezenky. Soubor techto opatreni vytvari silny bezpecnostni system, ktery efektivne chrani pred klasickymi online riziky. &lt;\/p&gt; &lt;p&gt;Vsechny kasina s ceskou licenci musi mit bonusove podminky uvedene jasne a srozumitelne. Nejlepsi nabidky jsou ty v ceskych korunach, protoze uzivatel se vyhne konverznim poplatkum. Uvitaci bonusy. &lt;\/p&gt; &lt;p&gt;Licencovane platformy musi podle zakona vyplacet rychle a bez problemu. Prave rychlost vyplat je jednim z nejdulezitejsich znaku duveryhodnosti. &lt;\/p&gt; &lt;p&gt;Dnes je mobilni pristup povinnosti. Nejlepsi kasina nabizeji plne responzivni webove stranky, ktere se idealne prizpusobi mobilnim zarizenim, nebo poskytuji mobilni aplikace pro oba systemy. &lt;\/p&gt; &lt;p&gt;Kasina s licenci v CR venuji velkou pozornost zodpovednemu hrani. Nabizeji moznosti nastaveni limitu vkladu ztrat sazek casu hrani. Docasne pozastaveni nebo kompletni sebevylouceni je standardni funkci. &lt;\/p&gt;%2881773580672550%%3981773928163589% Chupakabra 1Win%5361774147662670%<\/p>\n","protected":false},"author":3,"featured_media":0,"parent":0,"menu_order":0,"comment_status":"closed","ping_status":"closed","template":"","meta":{"_joinchat":[],"footnotes":""},"class_list":["post-10718","page","type-page","status-publish","hentry"],"_links":{"self":[{"href":"https:\/\/premiumbalancas.com\/index.php?rest_route=\/wp\/v2\/pages\/10718","targetHints":{"allow":["GET"]}}],"collection":[{"href":"https:\/\/premiumbalancas.com\/index.php?rest_route=\/wp\/v2\/pages"}],"about":[{"href":"https:\/\/premiumbalancas.com\/index.php?rest_route=\/wp\/v2\/types\/page"}],"author":[{"embeddable":true,"href":"https:\/\/premiumbalancas.com\/index.php?rest_route=\/wp\/v2\/users\/3"}],"replies":[{"embeddable":true,"href":"https:\/\/premiumbalancas.com\/index.php?rest_route=%2Fwp%2Fv2%2Fcomments&post=10718"}],"version-history":[{"count":29,"href":"https:\/\/premiumbalancas.com\/index.php?rest_route=\/wp\/v2\/pages\/10718\/revisions"}],"predecessor-version":[{"id":66834,"href":"https:\/\/premiumbalancas.com\/index.php?rest_route=\/wp\/v2\/pages\/10718\/revisions\/66834"}],"wp:attachment":[{"href":"https:\/\/premiumbalancas.com\/index.php?rest_route=%2Fwp%2Fv2%2Fmedia&parent=10718"}],"curies":[{"name":"wp","href":"https:\/\/api.w.org\/{rel}","templated":true}]}}